{"id":376,"date":"2017-08-21T13:12:07","date_gmt":"2017-08-21T11:12:07","guid":{"rendered":"https:\/\/abt.de\/?page_id=376"},"modified":"2026-04-13T13:20:25","modified_gmt":"2026-04-13T11:20:25","slug":"abt-home","status":"publish","type":"page","link":"https:\/\/abt.de\/","title":{"rendered":"ABT Home"},"content":{"rendered":"<p><div class=\"fusion-fullwidth fullwidth-box fusion-builder-row-1 nonhundred-percent-fullwidth non-hundred-percent-height-scrolling\" style=\"background-color: rgba(255,255,255,0);background-position: center center;background-repeat: no-repeat;padding-top:20px;padding-right:0px;padding-bottom:20px;padding-left:0px;margin-bottom: 0px;margin-top: 0px;border-width: 0px 0px 0px 0px;border-color:#eae9e9;border-style:solid;\" ><div class=\"fusion-builder-row fusion-row\"><div class=\"fusion-layout-column fusion_builder_column fusion-builder-column-0 fusion_builder_column_1_2 1_2 fusion-one-half fusion-column-first\" style=\"width:50%;width:calc(50% - ( ( 4% ) * 0.5 ) );margin-right: 4%;margin-top:0px;margin-bottom:20px;\"><div class=\"fusion-column-wrapper fusion-flex-column-wrapper-legacy\" style=\"background-position:left top;background-repeat:no-repeat;-webkit-background-size:cover;-moz-background-size:cover;-o-background-size:cover;background-size:cover;padding: 0px 0px 0px 0px;\"><style type=\"text\/css\"><\/style><div class=\"fusion-title title fusion-title-1 fusion-sep-none fusion-title-text fusion-title-size-one\" style=\"margin-top:0px;margin-right:0px;margin-bottom:31px;margin-left:0px;\"><h1 class=\"title-heading-left fusion-responsive-typography-calculated\" style=\"margin:0;--fontSize:30;line-height:1.4;\">Herzlich Willkommen<\/h1><\/div><div class=\"fusion-text fusion-text-1\"><p>Die ABT Anwender Beratung Telekommunikation GmbH ist eins der f\u00fchrenden, unabh\u00e4ngigen Beratungsunternehmen f\u00fcr Telekommunikation.<\/p>\n<p>Seit Gr\u00fcndung der ABT GmbH im Jahre 1995 wurde in \u00fcber 3.000 erfolgreichen Projekten durch Analyse, Planung und Optimierung die Telekommunikationsstruktur unserer Kunden erfolgreich weiterentwickelt und den Anforderungen des Marktes angepasst.<\/p>\n<p>Als Berater verstehen wir uns als Partner unseres Kunden. Grundvoraussetzung daf\u00fcr ist unsere Unabh\u00e4ngigkeit von Herstellern oder anderen Anbietern am Markt.<\/p>\n<p>Wir vertreten ausschlie\u00dflich die Zielsetzung unserer Kunden. Wir analysieren erst die Unternehmensorganisation. Voraussetzung f\u00fcr eine optimale Beratung und Planung ist die Kenntnis Ihrer Gesch\u00e4ftsprozesse. Nur so entsteht ein optimales Verh\u00e4ltnis zwischen Nutzen, Investitionen und anfallenden Betriebskosten. Wir helfen Ihnen, das richtige Betriebskonzept f\u00fcr Ihre Kommunikationsinfrastruktur zu finden.<\/p>\n<\/div><div class=\"fusion-clearfix\"><\/div><\/div><\/div><div class=\"fusion-layout-column fusion_builder_column fusion-builder-column-1 fusion_builder_column_1_2 1_2 fusion-one-half fusion-column-last\" style=\"width:50%;width:calc(50% - ( ( 4% ) * 0.5 ) );margin-top:0px;margin-bottom:20px;\"><div class=\"fusion-column-wrapper fusion-flex-column-wrapper-legacy\" style=\"background-position:left top;background-repeat:no-repeat;-webkit-background-size:cover;-moz-background-size:cover;-o-background-size:cover;background-size:cover;padding: 0px 0px 0px 0px;\"><span class=\" fusion-imageframe imageframe-dropshadow imageframe-1 hover-type-none\" style=\"border:1px solid #c1c1c1;-webkit-box-shadow: 3px 3px 7px rgba(0,0,0,0.3);box-shadow: 3px 3px 7px rgba(0,0,0,0.3);margin-left:25px;float:right;\"><img decoding=\"async\" width=\"300\" height=\"200\" title=\"Business people and puzzle\" src=\"https:\/\/abt.de\/wp-content\/uploads\/2017\/08\/Fotolia_118122334_S-300x200.jpg\" alt class=\"img-responsive wp-image-400\" srcset=\"https:\/\/abt.de\/wp-content\/uploads\/2017\/08\/Fotolia_118122334_S-200x133.jpg 200w, https:\/\/abt.de\/wp-content\/uploads\/2017\/08\/Fotolia_118122334_S-400x267.jpg 400w, https:\/\/abt.de\/wp-content\/uploads\/2017\/08\/Fotolia_118122334_S-600x400.jpg 600w, https:\/\/abt.de\/wp-content\/uploads\/2017\/08\/Fotolia_118122334_S-800x533.jpg 800w, https:\/\/abt.de\/wp-content\/uploads\/2017\/08\/Fotolia_118122334_S.jpg 849w\" sizes=\"(max-width: 800px) 100vw, 600px\" \/><\/span><div class=\"fusion-clearfix\"><\/div><\/div><\/div><\/div><\/div><div class=\"fusion-fullwidth fullwidth-box fusion-builder-row-2 nonhundred-percent-fullwidth non-hundred-percent-height-scrolling\" style=\"background-color: rgba(255,255,255,0);background-position: center center;background-repeat: no-repeat;padding-top:0px;padding-right:0px;padding-bottom:0px;padding-left:0px;margin-bottom: 0px;margin-top: 0px;border-width: 0px 0px 0px 0px;border-color:#eae9e9;border-style:solid;\" ><div class=\"fusion-builder-row fusion-row\"><div class=\"fusion-layout-column fusion_builder_column fusion-builder-column-2 fusion_builder_column_1_1 1_1 fusion-one-full fusion-column-first fusion-column-last\" style=\"margin-top:0px;margin-bottom:20px;\"><div class=\"fusion-column-wrapper fusion-flex-column-wrapper-legacy\" style=\"background-position:left top;background-repeat:no-repeat;-webkit-background-size:cover;-moz-background-size:cover;-o-background-size:cover;background-size:cover;padding: 0px 0px 0px 0px;\"><div class=\"fusion-counters-box counters-box row fusion-clearfix fusion-columns-3\"><div class=\"fusion-counter-box fusion-column col-counter-box counter-box-wrapper col-lg-4 col-md-4 col-sm-4\" data-animationOffset=\"top-into-view\"><div class=\"counter-box-container\" style=\"border: 1px solid #e0dede;\"><div class=\"content-box-percentage content-box-counter\" style=\"color:#bd121f;font-size:50px;line-height:normal;\"><i class=\"counter-box-icon fontawesome-icon fa fa-signal\" style=\"font-size:50px;\" aria-hidden=\"true\"><\/i><span class=\"unit\">&gt;<\/span><span class=\"display-counter\" data-value=\"20\" data-direction=\"up\" data-decimals=\"0\">0<\/span><\/div><div class=\"counter-box-content\" style=\"color:#747474;font-size:15px;\">Jahre erfolgreich im Gesch\u00e4ft<\/div><\/div><\/div><div class=\"fusion-counter-box fusion-column col-counter-box counter-box-wrapper col-lg-4 col-md-4 col-sm-4\" data-animationOffset=\"top-into-view\"><div class=\"counter-box-container\" style=\"border: 1px solid #e0dede;\"><div class=\"content-box-percentage content-box-counter\" style=\"color:#bd121f;font-size:50px;line-height:normal;\"><i class=\"counter-box-icon fontawesome-icon fa fa-check\" style=\"font-size:50px;\" aria-hidden=\"true\"><\/i><span class=\"unit\">&gt;<\/span><span class=\"display-counter\" data-value=\"3000\" data-direction=\"up\" data-decimals=\"0\">0<\/span><\/div><div class=\"counter-box-content\" style=\"color:#747474;font-size:15px;\">Projekte erfolgreich durchgef\u00fchrt<\/div><\/div><\/div><div class=\"fusion-counter-box fusion-column col-counter-box counter-box-wrapper col-lg-4 col-md-4 col-sm-4\" data-animationOffset=\"top-into-view\"><div class=\"counter-box-container\" style=\"border: 1px solid #e0dede;\"><div class=\"content-box-percentage content-box-counter\" style=\"color:#bd121f;font-size:50px;line-height:normal;\"><i class=\"counter-box-icon fontawesome-icon fa fa-line-chart\" style=\"font-size:50px;\" aria-hidden=\"true\"><\/i><span class=\"display-counter\" data-value=\"100\" data-direction=\"up\" data-decimals=\"0\">0<\/span><\/div><div class=\"counter-box-content\" style=\"color:#747474;font-size:15px;\">Prozent f\u00fcr Sie da<\/div><\/div><\/div><\/div><div class=\"clearfix\"><\/div><div class=\"fusion-clearfix\"><\/div><\/div><\/div><\/div><\/div><\/p>\n","protected":false},"excerpt":{"rendered":"","protected":false},"author":1,"featured_media":0,"parent":0,"menu_order":0,"comment_status":"closed","ping_status":"closed","template":"","meta":{"footnotes":""},"class_list":["post-376","page","type-page","status-publish","hentry"],"_links":{"self":[{"href":"https:\/\/abt.de\/wp-json\/wp\/v2\/pages\/376","targetHints":{"allow":["GET"]}}],"collection":[{"href":"https:\/\/abt.de\/wp-json\/wp\/v2\/pages"}],"about":[{"href":"https:\/\/abt.de\/wp-json\/wp\/v2\/types\/page"}],"author":[{"embeddable":true,"href":"https:\/\/abt.de\/wp-json\/wp\/v2\/users\/1"}],"replies":[{"embeddable":true,"href":"https:\/\/abt.de\/wp-json\/wp\/v2\/comments?post=376"}],"version-history":[{"count":3,"href":"https:\/\/abt.de\/wp-json\/wp\/v2\/pages\/376\/revisions"}],"predecessor-version":[{"id":472,"href":"https:\/\/abt.de\/wp-json\/wp\/v2\/pages\/376\/revisions\/472"}],"wp:attachment":[{"href":"https:\/\/abt.de\/wp-json\/wp\/v2\/media?parent=376"}],"curies":[{"name":"wp","href":"https:\/\/api.w.org\/{rel}","templated":true}]}}